{"id":18875,"date":"2024-10-22T10:16:03","date_gmt":"2024-10-22T15:16:03","guid":{"rendered":"https:\/\/ministeriopublico.gob.pa\/instituto\/?page_id=18875"},"modified":"2025-03-19T10:03:15","modified_gmt":"2025-03-19T15:03:15","slug":"objetivo","status":"publish","type":"page","link":"https:\/\/ministeriopublico.gob.pa\/instituto\/objetivo\/","title":{"rendered":"Objetivo"},"content":{"rendered":"<p>[et_pb_section fb_built=\u00bb1&#8243; _builder_version=\u00bb4.25.2&#8243; _module_preset=\u00bbdefault\u00bb background_color=\u00bb#f9f9f9&#8243; custom_margin=\u00bb-34px|||||\u00bb da_disable_devices=\u00bboff|off|off\u00bb global_colors_info=\u00bb{}\u00bb da_is_popup=\u00bboff\u00bb da_exit_intent=\u00bboff\u00bb da_has_close=\u00bbon\u00bb da_alt_close=\u00bboff\u00bb da_dark_close=\u00bboff\u00bb da_not_modal=\u00bbon\u00bb da_is_singular=\u00bboff\u00bb da_with_loader=\u00bboff\u00bb da_has_shadow=\u00bbon\u00bb][et_pb_row _builder_version=\u00bb4.25.2&#8243; _module_preset=\u00bbdefault\u00bb custom_margin=\u00bb-5px|auto||auto||\u00bb global_colors_info=\u00bb{}\u00bb][et_pb_column type=\u00bb4_4&#8243; _builder_version=\u00bb4.25.2&#8243; _module_preset=\u00bbdefault\u00bb global_colors_info=\u00bb{}\u00bb][et_pb_text _builder_version=\u00bb4.25.2&#8243; _module_preset=\u00bbdefault\u00bb text_font=\u00bb|700|||||||\u00bb text_text_color=\u00bb#003b56&#8243; text_font_size=\u00bb41px\u00bb text_orientation=\u00bbcenter\u00bb height_tablet=\u00bb\u00bb height_phone=\u00bb\u00bb height_last_edited=\u00bbon|phone\u00bb max_height_tablet=\u00bb\u00bb max_height_phone=\u00bb\u00bb max_height_last_edited=\u00bbon|phone\u00bb custom_margin=\u00bb9px|||||\u00bb text_font_size_tablet=\u00bb41px\u00bb text_font_size_phone=\u00bb25px\u00bb text_font_size_last_edited=\u00bbon|phone\u00bb text_text_shadow_style=\u00bbpreset4&#8243; global_colors_info=\u00bb{}\u00bb]<\/p>\n<p>OBJETIVOS<\/p>\n<p>[\/et_pb_text][\/et_pb_column][\/et_pb_row][et_pb_row column_structure=\u00bb1_2,1_2&#8243; _builder_version=\u00bb4.25.2&#8243; _module_preset=\u00bbdefault\u00bb custom_margin=\u00bb31px|auto||auto||\u00bb custom_padding=\u00bb|||0px||\u00bb global_colors_info=\u00bb{}\u00bb][et_pb_column type=\u00bb1_2&#8243; _builder_version=\u00bb4.25.2&#8243; _module_preset=\u00bbdefault\u00bb global_colors_info=\u00bb{}\u00bb][et_pb_text _builder_version=\u00bb4.27.4&#8243; _module_preset=\u00bbdefault\u00bb text_text_color=\u00bb#000000&#8243; text_font_size=\u00bb17px\u00bb hover_enabled=\u00bb0&#8243; text_font_size_tablet=\u00bb17px\u00bb text_font_size_phone=\u00bb15px\u00bb text_font_size_last_edited=\u00bbon|phone\u00bb global_colors_info=\u00bb{}\u00bb sticky_enabled=\u00bb0&#8243; content_last_edited=\u00bbon|phone\u00bb content_phone=\u00bb<\/p>\n<p style=%22text-align: left;%22><strong>1.Proveer una formaci\u00f3n integral y especializada a los fiscales<\/strong> del Ministerio P\u00fablico, orientada al fortalecimiento de sus competencias jur\u00eddicas y \u00e9ticas para garantizar el cumplimiento eficaz de sus funciones en la administraci\u00f3n de justicia<\/p>\n<p>\u00bb content_tablet=\u00bb<\/p>\n<p style=%22text-align: justify;%22><strong>1.Proveer una formaci\u00f3n integral y especializada a los fiscales<\/strong> del Ministerio P\u00fablico, orientada al fortalecimiento de sus competencias jur\u00eddicas y \u00e9ticas para garantizar el cumplimiento eficaz de sus funciones en la administraci\u00f3n de justicia<\/p>\n<p>\u00ab]<\/p>\n<p style=\"text-align: justify;\"><strong>1.Proveer una formaci\u00f3n integral y especializada a los fiscales<\/strong> del Ministerio P\u00fablico, orientada al fortalecimiento de sus competencias jur\u00eddicas y \u00e9ticas para garantizar el cumplimiento eficaz de sus funciones en la administraci\u00f3n de justicia<\/p>\n<p>[\/et_pb_text][et_pb_text _builder_version=\u00bb4.27.4&#8243; _module_preset=\u00bbdefault\u00bb text_text_color=\u00bb#000000&#8243; text_font_size=\u00bb17px\u00bb custom_margin=\u00bb-19px|||||\u00bb hover_enabled=\u00bb0&#8243; text_font_size_tablet=\u00bb17px\u00bb text_font_size_phone=\u00bb15px\u00bb text_font_size_last_edited=\u00bbon|phone\u00bb global_colors_info=\u00bb{}\u00bb sticky_enabled=\u00bb0&#8243; content_last_edited=\u00bbon|phone\u00bb content_phone=\u00bb<\/p>\n<p style=%22text-align: left;%22><strong>2. Actualizar y perfeccionar los conocimientos t\u00e9cnicos y pr\u00e1cticos<\/strong> de los fiscales y dem\u00e1s funcionarios del Ministerio P\u00fablico, a trav\u00e9s de programas de formaci\u00f3n continua con el fin de que se mantengan al d\u00eda con los avances legislativos, jurisprudenciales y tecnol\u00f3gicos.<\/p>\n<p>\u00bb content_tablet=\u00bb<\/p>\n<p style=%22text-align: justify;%22><strong>2. Actualizar y perfeccionar los conocimientos t\u00e9cnicos y pr\u00e1cticos<\/strong> de los fiscales y dem\u00e1s funcionarios del Ministerio P\u00fablico, a trav\u00e9s de programas de formaci\u00f3n continua con el fin de que se mantengan al d\u00eda con los avances legislativos, jurisprudenciales y tecnol\u00f3gicos.<\/p>\n<p>\u00ab]<\/p>\n<p style=\"text-align: justify;\"><strong>2. Actualizar y perfeccionar los conocimientos t\u00e9cnicos y pr\u00e1cticos<\/strong> de los fiscales y dem\u00e1s funcionarios del Ministerio P\u00fablico, a trav\u00e9s de programas de formaci\u00f3n continua con el fin de que se mantengan al d\u00eda con los avances legislativos, jurisprudenciales y tecnol\u00f3gicos.<\/p>\n<p>[\/et_pb_text][et_pb_text _builder_version=\u00bb4.27.4&#8243; _module_preset=\u00bbdefault\u00bb text_text_color=\u00bb#000000&#8243; text_font_size=\u00bb17px\u00bb hover_enabled=\u00bb0&#8243; text_font_size_tablet=\u00bb17px\u00bb text_font_size_phone=\u00bb15px\u00bb text_font_size_last_edited=\u00bbon|phone\u00bb global_colors_info=\u00bb{}\u00bb sticky_enabled=\u00bb0&#8243; content_last_edited=\u00bbon|phone\u00bb content_phone=\u00bb<\/p>\n<p style=%22text-align: left;%22><strong>3. Fomentar una cultura \u00e9tica de responsabilidad y compromiso profesional<\/strong>, promoviendo valores como la transparencia, la integridad y el respeto a los derechos humanos en el ejercicio de sus funciones.<\/p>\n<p>\u00bb content_tablet=\u00bb<\/p>\n<p style=%22text-align: justify;%22><strong>3. Fomentar una cultura \u00e9tica de responsabilidad y compromiso profesional<\/strong>, promoviendo valores como la transparencia, la integridad y el respeto a los derechos humanos en el ejercicio de sus funciones.<\/p>\n<p>\u00ab]<\/p>\n<p style=\"text-align: justify;\"><strong>3. Fomentar una cultura \u00e9tica de responsabilidad y compromiso profesional<\/strong>, promoviendo valores como la transparencia, la integridad y el respeto a los derechos humanos en el ejercicio de sus funciones.<\/p>\n<p>[\/et_pb_text][et_pb_text _builder_version=\u00bb4.27.4&#8243; _module_preset=\u00bbdefault\u00bb text_text_color=\u00bb#000000&#8243; text_font_size=\u00bb17px\u00bb hover_enabled=\u00bb0&#8243; text_font_size_tablet=\u00bb17px\u00bb text_font_size_phone=\u00bb15px\u00bb text_font_size_last_edited=\u00bbon|phone\u00bb global_colors_info=\u00bb{}\u00bb sticky_enabled=\u00bb0&#8243; content_last_edited=\u00bbon|phone\u00bb content_phone=\u00bb<\/p>\n<p style=%22text-align: left;%22><strong>4. Desarrollar capacidades en la investigaci\u00f3n criminal y procesal<\/strong>, mediante programas de capacitaci\u00f3n que fortalezcan las habilidades de los fiscales en la investigaci\u00f3n y persecuci\u00f3n penal, as\u00ed como en la defensa de los derechos de las v\u00edctimas.<\/p>\n<p>\u00bb content_tablet=\u00bb<\/p>\n<p style=%22text-align: justify;%22><strong>4. Desarrollar capacidades en la investigaci\u00f3n criminal y procesal<\/strong>, mediante programas de capacitaci\u00f3n que fortalezcan las habilidades de los fiscales en la investigaci\u00f3n y persecuci\u00f3n penal, as\u00ed como en la defensa de los derechos de las v\u00edctimas.<\/p>\n<p>\u00ab]<\/p>\n<p style=\"text-align: justify;\"><strong>4. Desarrollar capacidades en la investigaci\u00f3n criminal y procesal<\/strong>, mediante programas de capacitaci\u00f3n que fortalezcan las habilidades de los fiscales en la investigaci\u00f3n y persecuci\u00f3n penal, as\u00ed como en la defensa de los derechos de las v\u00edctimas.<\/p>\n<p>[\/et_pb_text][et_pb_text _builder_version=\u00bb4.27.4&#8243; _module_preset=\u00bbdefault\u00bb text_text_color=\u00bb#000000&#8243; text_font_size=\u00bb17px\u00bb hover_enabled=\u00bb0&#8243; text_font_size_tablet=\u00bb17px\u00bb text_font_size_phone=\u00bb15px\u00bb text_font_size_last_edited=\u00bbon|phone\u00bb global_colors_info=\u00bb{}\u00bb sticky_enabled=\u00bb0&#8243; content_last_edited=\u00bbon|phone\u00bb content_phone=\u00bb<\/p>\n<p style=%22text-align: left;%22><strong>5. Establecer v\u00ednculos de cooperaci\u00f3n y alianzas con instituciones acad\u00e9micas y jur\u00eddicas nacionales e internacionales <\/strong>para promover el intercambio de conocimiento y buenas pr\u00e1cticas que favorezcan el desarrollo continuo del sistema de justicia.<\/p>\n<p>\u00bb content_tablet=\u00bb<\/p>\n<p style=%22text-align: justify;%22><strong>5. Establecer v\u00ednculos de cooperaci\u00f3n y alianzas con instituciones acad\u00e9micas y jur\u00eddicas nacionales e internacionales <\/strong>para promover el intercambio de conocimiento y buenas pr\u00e1cticas que favorezcan el desarrollo continuo del sistema de justicia.<\/p>\n<p>\u00ab]<\/p>\n<p style=\"text-align: justify;\"><strong>5. Establecer v\u00ednculos de cooperaci\u00f3n y alianzas con instituciones acad\u00e9micas y jur\u00eddicas nacionales e internacionales <\/strong>para promover el intercambio de conocimiento y buenas pr\u00e1cticas que favorezcan el desarrollo continuo del sistema de justicia.<\/p>\n<p>[\/et_pb_text][et_pb_text _builder_version=\u00bb4.27.4&#8243; _module_preset=\u00bbdefault\u00bb text_text_color=\u00bb#000000&#8243; text_font_size=\u00bb17px\u00bb hover_enabled=\u00bb0&#8243; text_font_size_tablet=\u00bb17px\u00bb text_font_size_phone=\u00bb15px\u00bb text_font_size_last_edited=\u00bbon|phone\u00bb global_colors_info=\u00bb{}\u00bb sticky_enabled=\u00bb0&#8243; content_last_edited=\u00bbon|phone\u00bb content_phone=\u00bb<\/p>\n<p style=%22text-align: left;%22><strong>6. Fortalecer el sistema de justicia paname\u00f1o<\/strong>, contribuyendo a la formaci\u00f3n de un cuerpo de fiscales m\u00e1s competentes con un enfoque en la eficiencia, equidad y garant\u00eda de derechos en el proceso penal.<\/p>\n<p>\u00bb content_tablet=\u00bb<\/p>\n<p style=%22text-align: justify;%22><strong>6. Fortalecer el sistema de justicia paname\u00f1o<\/strong>, contribuyendo a la formaci\u00f3n de un cuerpo de fiscales m\u00e1s competentes con un enfoque en la eficiencia, equidad y garant\u00eda de derechos en el proceso penal.<\/p>\n<p>\u00ab]<\/p>\n<p style=\"text-align: justify;\"><strong>6. Fortalecer el sistema de justicia paname\u00f1o<\/strong>, contribuyendo a la formaci\u00f3n de un cuerpo de fiscales m\u00e1s competentes con un enfoque en la eficiencia, equidad y garant\u00eda de derechos en el proceso penal.<\/p>\n<p>[\/et_pb_text][et_pb_text _builder_version=\u00bb4.27.4&#8243; _module_preset=\u00bbdefault\u00bb text_text_color=\u00bb#000000&#8243; text_font_size=\u00bb17px\u00bb hover_enabled=\u00bb0&#8243; text_font_size_tablet=\u00bb17px\u00bb text_font_size_phone=\u00bb15px\u00bb text_font_size_last_edited=\u00bbon|phone\u00bb global_colors_info=\u00bb{}\u00bb sticky_enabled=\u00bb0&#8243; content_last_edited=\u00bbon|phone\u00bb content_phone=\u00bb<\/p>\n<p style=%22text-align: left;%22><strong>7.<\/strong> <strong>Implementar estrategias de formaci\u00f3n innovadoras<\/strong> que integren nuevas tecnolog\u00edas, metodolog\u00edas y enfoques pedag\u00f3gicos que respondan a las necesidades actuales del Ministerio P\u00fablico y la sociedad.<\/p>\n<p>\u00bb content_tablet=\u00bb<\/p>\n<p style=%22text-align: justify;%22><strong>7.<\/strong> <strong>Implementar estrategias de formaci\u00f3n innovadoras<\/strong> que integren nuevas tecnolog\u00edas, metodolog\u00edas y enfoques pedag\u00f3gicos que respondan a las necesidades actuales del Ministerio P\u00fablico y la sociedad.<\/p>\n<p>\u00ab]<\/p>\n<p style=\"text-align: justify;\"><strong>7.<\/strong> <strong>Implementar estrategias de formaci\u00f3n innovadoras<\/strong> que integren nuevas tecnolog\u00edas, metodolog\u00edas y enfoques pedag\u00f3gicos que respondan a las necesidades actuales del Ministerio P\u00fablico y la sociedad.<\/p>\n<p>[\/et_pb_text][et_pb_text _builder_version=\u00bb4.27.4&#8243; _module_preset=\u00bbdefault\u00bb text_text_color=\u00bb#000000&#8243; text_font_size=\u00bb17px\u00bb hover_enabled=\u00bb0&#8243; text_font_size_tablet=\u00bb17px\u00bb text_font_size_phone=\u00bb15px\u00bb text_font_size_last_edited=\u00bbon|phone\u00bb global_colors_info=\u00bb{}\u00bb sticky_enabled=\u00bb0&#8243; content_last_edited=\u00bbon|phone\u00bb content_phone=\u00bb<\/p>\n<p style=%22text-align: left;%22>Estos objetivos se proponen consolidar al Instituto como una entidad clave en la mejora de la justicia en Panam\u00e1, garantizando que los fiscales cuenten con las herramientas y conocimientos necesarios para enfrentar con excelencia los desaf\u00edos que d\u00eda a d\u00eda les presenta el ejercicio de sus funciones.<\/p>\n<p>&nbsp;<\/p>\n<p>\u00bb content_tablet=\u00bb<\/p>\n<p style=%22text-align: justify;%22>Estos objetivos se proponen consolidar al Instituto como una entidad clave en la mejora de la justicia en Panam\u00e1, garantizando que los fiscales cuenten con las herramientas y conocimientos necesarios para enfrentar con excelencia los desaf\u00edos que d\u00eda a d\u00eda les presenta el ejercicio de sus funciones.<\/p>\n<p>&nbsp;<\/p>\n<p>\u00ab]<\/p>\n<p style=\"text-align: justify;\">Estos objetivos se proponen consolidar al Instituto como una entidad clave en la mejora de la justicia en Panam\u00e1, garantizando que los fiscales cuenten con las herramientas y conocimientos necesarios para enfrentar con excelencia los desaf\u00edos que d\u00eda a d\u00eda les presenta el ejercicio de sus funciones.<\/p>\n<p>&nbsp;<\/p>\n<p>[\/et_pb_text][\/et_pb_column][et_pb_column type=\u00bb1_2&#8243; _builder_version=\u00bb4.25.2&#8243; _module_preset=\u00bbdefault\u00bb global_colors_info=\u00bb{}\u00bb][et_pb_image src=\u00bbhttps:\/\/ministeriopublico.gob.pa\/instituto\/wp-content\/uploads\/2025\/03\/PGN-REUNION-CON-ESCUELA-DEL-MP-9-1.jpg\u00bb title_text=\u00bbPGN-REUNIO\u0301N-CON-ESCUELA-DEL-MP-9-1&#8243; _builder_version=\u00bb4.27.4&#8243; _module_preset=\u00bbdefault\u00bb animation_style=\u00bbfold\u00bb global_colors_info=\u00bb{}\u00bb][\/et_pb_image][et_pb_image src=\u00bbhttps:\/\/ministeriopublico.gob.pa\/instituto\/wp-content\/uploads\/2025\/03\/IMG_1977-2-scaled-1.jpg\u00bb title_text=\u00bbIMG_1977-2-scaled\u00bb _builder_version=\u00bb4.27.4&#8243; _module_preset=\u00bbdefault\u00bb animation_style=\u00bbfold\u00bb global_colors_info=\u00bb{}\u00bb][\/et_pb_image][\/et_pb_column][\/et_pb_row][\/et_pb_section]<\/p>\n","protected":false},"excerpt":{"rendered":"<p>OBJETIVOS1.Proveer una formaci\u00f3n integral y especializada a los fiscales del Ministerio P\u00fablico, orientada al fortalecimiento de sus competencias jur\u00eddicas y \u00e9ticas para garantizar el cumplimiento eficaz de sus funciones en la administraci\u00f3n de justicia2. Actualizar y perfeccionar los conocimientos t\u00e9cnicos y pr\u00e1cticos de los fiscales y dem\u00e1s funcionarios del Ministerio P\u00fablico, a trav\u00e9s de programas [&hellip;]<\/p>\n","protected":false},"author":1,"featured_media":0,"parent":0,"menu_order":0,"comment_status":"closed","ping_status":"closed","template":"","meta":{"_acf_changed":false,"_et_pb_use_builder":"on","_et_pb_old_content":"","_et_gb_content_width":"","footnotes":""},"class_list":["post-18875","page","type-page","status-publish","hentry"],"acf":[],"_links":{"self":[{"href":"https:\/\/ministeriopublico.gob.pa\/instituto\/wp-json\/wp\/v2\/pages\/18875","targetHints":{"allow":["GET"]}}],"collection":[{"href":"https:\/\/ministeriopublico.gob.pa\/instituto\/wp-json\/wp\/v2\/pages"}],"about":[{"href":"https:\/\/ministeriopublico.gob.pa\/instituto\/wp-json\/wp\/v2\/types\/page"}],"author":[{"embeddable":true,"href":"https:\/\/ministeriopublico.gob.pa\/instituto\/wp-json\/wp\/v2\/users\/1"}],"replies":[{"embeddable":true,"href":"https:\/\/ministeriopublico.gob.pa\/instituto\/wp-json\/wp\/v2\/comments?post=18875"}],"version-history":[{"count":30,"href":"https:\/\/ministeriopublico.gob.pa\/instituto\/wp-json\/wp\/v2\/pages\/18875\/revisions"}],"predecessor-version":[{"id":987500025,"href":"https:\/\/ministeriopublico.gob.pa\/instituto\/wp-json\/wp\/v2\/pages\/18875\/revisions\/987500025"}],"wp:attachment":[{"href":"https:\/\/ministeriopublico.gob.pa\/instituto\/wp-json\/wp\/v2\/media?parent=18875"}],"curies":[{"name":"wp","href":"https:\/\/api.w.org\/{rel}","templated":true}]}}