{"id":18855,"date":"2024-10-22T09:27:49","date_gmt":"2024-10-22T14:27:49","guid":{"rendered":"https:\/\/ministeriopublico.gob.pa\/instituto\/?page_id=18855"},"modified":"2025-03-24T18:50:04","modified_gmt":"2025-03-24T23:50:04","slug":"mision-y-vision","status":"publish","type":"page","link":"https:\/\/ministeriopublico.gob.pa\/instituto\/mision-y-vision\/","title":{"rendered":"Misi\u00f3n y Visi\u00f3n"},"content":{"rendered":"<p>[et_pb_section fb_built=\u00bb1&#8243; admin_label=\u00bbSERVICE SECTION = 20&#8243; _builder_version=\u00bb4.19.2&#8243; _module_preset=\u00bbdefault\u00bb min_height=\u00bb68.8px\u00bb custom_margin=\u00bb-49px|||||\u00bb custom_padding=\u00bb||0px|||\u00bb da_disable_devices=\u00bboff|off|off\u00bb global_colors_info=\u00bb{}\u00bb da_is_popup=\u00bboff\u00bb da_exit_intent=\u00bboff\u00bb da_has_close=\u00bbon\u00bb da_alt_close=\u00bboff\u00bb da_dark_close=\u00bboff\u00bb da_not_modal=\u00bbon\u00bb da_is_singular=\u00bboff\u00bb da_with_loader=\u00bboff\u00bb da_has_shadow=\u00bbon\u00bb][et_pb_row admin_label=\u00bbSERVICE SECTION 20 = CSS CODE(DON&#8217;T REMOVE IT )\u00bb _builder_version=\u00bb4.19.5&#8243; _module_preset=\u00bbdefault\u00bb custom_margin=\u00bb0px|0px|0px|0px|true|true\u00bb custom_padding=\u00bb0px|0px|0px|0px|true|true\u00bb locked=\u00bboff\u00bb global_colors_info=\u00bb{}\u00bb][et_pb_column type=\u00bb4_4&#8243; _builder_version=\u00bb4.19.5&#8243; _module_preset=\u00bbdefault\u00bb global_colors_info=\u00bb{}\u00bb][et_pb_code _builder_version=\u00bb4.25.2&#8243; _module_preset=\u00bbdefault\u00bb custom_margin=\u00bb0px|0px|0px|0px|true|true\u00bb custom_padding=\u00bb0px|0px|0px|0px|true|true\u00bb global_colors_info=\u00bb{}\u00bb]<\/p>\n<style><!-- [et_pb_line_break_holder] -->  :root {<!-- [et_pb_line_break_holder] --> --color1:  #003259;<!-- [et_pb_line_break_holder] -->}<!-- [et_pb_line_break_holder] -->.lt-service-sec-20 {<!-- [et_pb_line_break_holder] -->\tposition: relative;<!-- [et_pb_line_break_holder] -->\tbackground: #fff;<!-- [et_pb_line_break_holder] -->\tmargin-bottom: 30px;<!-- [et_pb_line_break_holder] -->\ttext-align: center;<!-- [et_pb_line_break_holder] -->\tborder-radius: 10px;<!-- [et_pb_line_break_holder] -->\ttransition: all 0.6s ease-in-out;<!-- [et_pb_line_break_holder] -->\tz-index: 1;<!-- [et_pb_line_break_holder] -->}<!-- [et_pb_line_break_holder] -->.lt-service-sec-20:before {<!-- [et_pb_line_break_holder] -->\tcontent: \"\";<!-- [et_pb_line_break_holder] -->\twidth: 80px;<!-- [et_pb_line_break_holder] -->\theight: 80px;<!-- [et_pb_line_break_holder] -->\tposition: absolute;<!-- [et_pb_line_break_holder] -->\ttransition: all 0.2s linear;<!-- [et_pb_line_break_holder] -->\tborder-bottom: 2px solid #e4e7ee;<!-- [et_pb_line_break_holder] -->\tborder-right: 2px solid #e4e7ee;<!-- [et_pb_line_break_holder] -->\tborder-bottom-right-radius: 10px;<!-- [et_pb_line_break_holder] -->\tright: 0;<!-- [et_pb_line_break_holder] -->\tbottom: 0;<!-- [et_pb_line_break_holder] -->\tz-index: -1;<!-- [et_pb_line_break_holder] -->\ttransition-duration: 0.4s;<!-- [et_pb_line_break_holder] -->\tbox-sizing: border-box;<!-- [et_pb_line_break_holder] -->}<!-- [et_pb_line_break_holder] -->.lt-service-sec-20:hover:before {<!-- [et_pb_line_break_holder] -->\twidth: 100%;<!-- [et_pb_line_break_holder] -->\theight: 100%;<!-- [et_pb_line_break_holder] -->\tborder-radius: 10px;<!-- [et_pb_line_break_holder] -->\tborder-color: var(--color1);<!-- [et_pb_line_break_holder] -->}<!-- [et_pb_line_break_holder] -->.lt-service-sec-20:after {<!-- [et_pb_line_break_holder] -->\tcontent: \"\";<!-- [et_pb_line_break_holder] -->\twidth: 80px;<!-- [et_pb_line_break_holder] -->\theight: 80px;<!-- [et_pb_line_break_holder] -->\tz-index: -1;<!-- [et_pb_line_break_holder] -->\tposition: absolute;<!-- [et_pb_line_break_holder] -->\ttransition: all 0.2s linear;<!-- [et_pb_line_break_holder] -->\tborder-top: 2px solid #e4e7ee;<!-- [et_pb_line_break_holder] -->\tborder-left: 2px solid #e4e7ee;<!-- [et_pb_line_break_holder] -->\tborder-top-left-radius: 10px;<!-- [et_pb_line_break_holder] -->\tleft: 0;<!-- [et_pb_line_break_holder] -->\ttop: 0;<!-- [et_pb_line_break_holder] -->\ttransition-duration: 0.4s;<!-- [et_pb_line_break_holder] -->}<!-- [et_pb_line_break_holder] -->.lt-service-sec-20:hover:after {<!-- [et_pb_line_break_holder] -->\twidth: 100%;<!-- [et_pb_line_break_holder] -->\theight: 100%;<!-- [et_pb_line_break_holder] -->\tborder-radius: 10px;<!-- [et_pb_line_break_holder] -->\tborder-color: var(--color1);<!-- [et_pb_line_break_holder] -->}<!-- [et_pb_line_break_holder] -->.lt-service-sec-20 .srv-content .et_pb_blurb_content .et_pb_main_blurb_image {<!-- [et_pb_line_break_holder] -->\tposition: relative;<!-- [et_pb_line_break_holder] -->\tline-height: 110px;<!-- [et_pb_line_break_holder] -->\tborder: 1px solid #e4e7ee;<!-- [et_pb_line_break_holder] -->\twidth: 116px;<!-- [et_pb_line_break_holder] -->\theight: 116px;<!-- [et_pb_line_break_holder] -->\tborder-radius: 50%;<!-- [et_pb_line_break_holder] -->\tleft: 0px;<!-- [et_pb_line_break_holder] -->\tright: 0;<!-- [et_pb_line_break_holder] -->\ttop: -10px;<!-- [et_pb_line_break_holder] -->\tdisplay: block;<!-- [et_pb_line_break_holder] -->\tmargin: 0 auto 20px;<!-- [et_pb_line_break_holder] -->\tpadding: 12px;<!-- [et_pb_line_break_holder] -->\ttransition: all 0.6s ease-in-out;<!-- [et_pb_line_break_holder] -->\tz-index: 10;<!-- [et_pb_line_break_holder] -->}<!-- [et_pb_line_break_holder] -->.lt-service-sec-20:hover .srv-content .et_pb_blurb_content .et_pb_main_blurb_image {<!-- [et_pb_line_break_holder] -->\tborder-color: var(--color1);<!-- [et_pb_line_break_holder] -->}<!-- [et_pb_line_break_holder] -->.lt-service-sec-20 .srv-content .et_pb_blurb_content .et_pb_main_blurb_image .et_pb_image_wrap .et-pb-icon {<!-- [et_pb_line_break_holder] -->\tcolor: var(--color1);<!-- [et_pb_line_break_holder] -->\tline-height: 112px;<!-- [et_pb_line_break_holder] -->}<!-- [et_pb_line_break_holder] -->.lt-service-sec-20 .srv-content .et_pb_blurb_content .et_pb_main_blurb_image .et_pb_image_wrap {<!-- [et_pb_line_break_holder] -->\tposition: absolute;<!-- [et_pb_line_break_holder] -->\tleft: 0;<!-- [et_pb_line_break_holder] -->\ttop: 0;<!-- [et_pb_line_break_holder] -->\twidth: 100%;<!-- [et_pb_line_break_holder] -->\theight: 100%;<!-- [et_pb_line_break_holder] -->\ttransition: all 0.6s ease-in-out;<!-- [et_pb_line_break_holder] -->}<!-- [et_pb_line_break_holder] -->.lt-service-sec-20 .srv-content .et_pb_blurb_content .et_pb_main_blurb_image .et_pb_image_wrap:before {<!-- [et_pb_line_break_holder] -->\tposition: absolute;<!-- [et_pb_line_break_holder] -->\tcontent: \"\";<!-- [et_pb_line_break_holder] -->\theight: 12px;<!-- [et_pb_line_break_holder] -->\twidth: 12px;<!-- [et_pb_line_break_holder] -->\tborder-radius: 50%;<!-- [et_pb_line_break_holder] -->\ttop: 14px;<!-- [et_pb_line_break_holder] -->\tright: 8px;<!-- [et_pb_line_break_holder] -->\tbackground: var(--color1);<!-- [et_pb_line_break_holder] -->\ttransition: all 0.6s ease-in-out;<!-- [et_pb_line_break_holder] -->\tbox-sizing: border-box;<!-- [et_pb_line_break_holder] -->}<!-- [et_pb_line_break_holder] -->.lt-service-sec-20 .srv-btn {<!-- [et_pb_line_break_holder] -->\tcolor: var(--color1);<!-- [et_pb_line_break_holder] -->}<!-- [et_pb_line_break_holder] --><!-- [et_pb_line_break_holder] --><\/style>\n<p>[\/et_pb_code][\/et_pb_column][\/et_pb_row][\/et_pb_section][et_pb_section fb_built=\u00bb1&#8243; _builder_version=\u00bb4.25.2&#8243; _module_preset=\u00bbdefault\u00bb background_color=\u00bb#f4f4f4&#8243; custom_margin=\u00bb-105px|||||\u00bb custom_padding=\u00bb||101px|||\u00bb bottom_divider_style=\u00bbcurve\u00bb bottom_divider_color=\u00bbrgba(0,43,81,0.92)\u00bb da_disable_devices=\u00bboff|off|off\u00bb global_colors_info=\u00bb{}\u00bb da_is_popup=\u00bboff\u00bb da_exit_intent=\u00bboff\u00bb da_has_close=\u00bbon\u00bb da_alt_close=\u00bboff\u00bb da_dark_close=\u00bboff\u00bb da_not_modal=\u00bbon\u00bb da_is_singular=\u00bboff\u00bb da_with_loader=\u00bboff\u00bb da_has_shadow=\u00bbon\u00bb][et_pb_row _builder_version=\u00bb4.25.2&#8243; _module_preset=\u00bbdefault\u00bb custom_margin=\u00bb-20px|auto||auto||\u00bb custom_padding=\u00bb32px|||||\u00bb global_colors_info=\u00bb{}\u00bb][et_pb_column type=\u00bb4_4&#8243; _builder_version=\u00bb4.25.2&#8243; _module_preset=\u00bbdefault\u00bb global_colors_info=\u00bb{}\u00bb][et_pb_text _builder_version=\u00bb4.25.2&#8243; _module_preset=\u00bbdefault\u00bb text_font=\u00bb|700|||||||\u00bb text_text_color=\u00bb#003b56&#8243; text_font_size=\u00bb41px\u00bb text_font_size_tablet=\u00bb41px\u00bb text_font_size_phone=\u00bb25px\u00bb text_font_size_last_edited=\u00bbon|phone\u00bb text_line_height_tablet=\u00bb\u00bb text_line_height_phone=\u00bb1.3em\u00bb text_line_height_last_edited=\u00bbon|phone\u00bb text_text_shadow_style=\u00bbpreset4&#8243; global_colors_info=\u00bb{}\u00bb]<\/p>\n<p style=\"text-align: center;\">MISI\u00d3N Y VISI\u00d3N<\/p>\n<p>[\/et_pb_text][\/et_pb_column][\/et_pb_row][et_pb_row column_structure=\u00bb1_2,1_2&#8243; use_custom_gutter=\u00bbon\u00bb gutter_width=\u00bb2&#8243; make_equal=\u00bbon\u00bb _builder_version=\u00bb4.25.2&#8243; _module_preset=\u00bbdefault\u00bb width=\u00bb90%\u00bb max_width=\u00bb1200px\u00bb animation_style=\u00bbzoom\u00bb global_colors_info=\u00bb{}\u00bb][et_pb_column type=\u00bb1_2&#8243; module_class=\u00bb lt-service-sec-20&#8243; _builder_version=\u00bb4.19.2&#8243; _module_preset=\u00bbdefault\u00bb custom_padding=\u00bb60px|40px|40px|40px|false|true\u00bb custom_padding_tablet=\u00bb\u00bb custom_padding_phone=\u00bb50px|20px|30px|20px|false|true\u00bb custom_padding_last_edited=\u00bbon|phone\u00bb global_colors_info=\u00bb{}\u00bb][et_pb_blurb title=\u00bbMISI\u00d3N\u00bb url=\u00bb#\u00bb use_icon=\u00bbon\u00bb font_icon=\u00bb&#xe037;||divi||400&#8243; image_icon_width=\u00bb45px\u00bb content_max_width=\u00bb100%\u00bb module_class=\u00bbsrv-content\u00bb _builder_version=\u00bb4.25.2&#8243; _module_preset=\u00bbdefault\u00bb header_font=\u00bb|700|||||||\u00bb header_text_color=\u00bb#000000&#8243; header_font_size=\u00bb22px\u00bb body_font=\u00bb||||||||\u00bb body_text_color=\u00bb#000000&#8243; body_font_size=\u00bb18px\u00bb body_line_height=\u00bb30px\u00bb text_orientation=\u00bbcenter\u00bb custom_margin_tablet=\u00bb\u00bb custom_margin_phone=\u00bb||10px||false|false\u00bb custom_margin_last_edited=\u00bbon|phone\u00bb animation=\u00bboff\u00bb body_font_size_tablet=\u00bb18px\u00bb body_font_size_phone=\u00bb15px\u00bb body_font_size_last_edited=\u00bbon|phone\u00bb custom_css_blurb_content=\u00bbfont-weight: 400;\u00bb global_colors_info=\u00bb{}\u00bb]<\/p>\n<p style=\"text-align: left;\">\u00abContribuir al proceso de construcci\u00f3n de competencias y aprendizajes significativos de los funcionarios(as) del Ministerio P\u00fablico, a trav\u00e9s de programas de capacitaci\u00f3n innovadores, de manera que puedan ejecutar con eficiencia, eficacia y efectividad las tareas inherentes al puesto de trabajo, con miras a ser un referente en la apertura de espacios a nivel nacional e internacional para el intercambio del conocimiento\u00bb.<\/p>\n<p>[\/et_pb_blurb][\/et_pb_column][et_pb_column type=\u00bb1_2&#8243; module_class=\u00bb lt-service-sec-20&#8243; _builder_version=\u00bb4.19.2&#8243; _module_preset=\u00bbdefault\u00bb custom_padding=\u00bb60px|40px|40px|40px|false|true\u00bb custom_padding_tablet=\u00bb\u00bb custom_padding_phone=\u00bb50px|20px|30px|20px|false|true\u00bb custom_padding_last_edited=\u00bbon|phone\u00bb global_colors_info=\u00bb{}\u00bb][et_pb_blurb title=\u00bbVISI\u00d3N\u00bb url=\u00bb#\u00bb use_icon=\u00bbon\u00bb font_icon=\u00bb&#xf509;||fa||900&#8243; image_icon_width=\u00bb45px\u00bb content_max_width=\u00bb100%\u00bb module_class=\u00bbsrv-content\u00bb _builder_version=\u00bb4.25.2&#8243; _module_preset=\u00bbdefault\u00bb header_font=\u00bb|700|||||||\u00bb header_text_color=\u00bb#000000&#8243; header_font_size=\u00bb22px\u00bb body_font=\u00bb||||||||\u00bb body_text_color=\u00bb#000000&#8243; body_font_size=\u00bb18px\u00bb body_line_height=\u00bb30px\u00bb text_orientation=\u00bbcenter\u00bb custom_margin_tablet=\u00bb\u00bb custom_margin_phone=\u00bb||10px||false|false\u00bb custom_margin_last_edited=\u00bbon|phone\u00bb animation=\u00bboff\u00bb body_font_size_tablet=\u00bb18px\u00bb body_font_size_phone=\u00bb15px\u00bb body_font_size_last_edited=\u00bbon|phone\u00bb custom_css_blurb_content=\u00bbfont-weight: 400;\u00bb global_colors_info=\u00bb{}\u00bb]<\/p>\n<p style=\"text-align: left;\">\u00abSer reconocida nacional e internacionalmente, como instituci\u00f3n de alto prestigio con edificaciones propias y capacidad para albergar y brindar adiestramiento a los funcionarios(as) de los ministerios fiscales de la regi\u00f3n, adem\u00e1s de impulsar la existencia de espacios que posibiliten el intercambio de experiencias y buenas pr\u00e1cticas con organismos hom\u00f3logos.\u00bb<\/p>\n<p>[\/et_pb_blurb][\/et_pb_column][\/et_pb_row][\/et_pb_section]<\/p>\n","protected":false},"excerpt":{"rendered":"<p>MISI\u00d3N Y VISI\u00d3N\u00abContribuir al proceso de construcci\u00f3n de competencias y aprendizajes significativos de los funcionarios(as) del Ministerio P\u00fablico, a trav\u00e9s de programas de capacitaci\u00f3n innovadores, de manera que puedan ejecutar con eficiencia, eficacia y efectividad las tareas inherentes al puesto de trabajo, con miras a ser un referente en la apertura de espacios a nivel [&hellip;]<\/p>\n","protected":false},"author":1,"featured_media":0,"parent":0,"menu_order":0,"comment_status":"closed","ping_status":"closed","template":"","meta":{"_acf_changed":false,"_et_pb_use_builder":"on","_et_pb_old_content":"","_et_gb_content_width":"","footnotes":""},"class_list":["post-18855","page","type-page","status-publish","hentry"],"acf":[],"_links":{"self":[{"href":"https:\/\/ministeriopublico.gob.pa\/instituto\/wp-json\/wp\/v2\/pages\/18855","targetHints":{"allow":["GET"]}}],"collection":[{"href":"https:\/\/ministeriopublico.gob.pa\/instituto\/wp-json\/wp\/v2\/pages"}],"about":[{"href":"https:\/\/ministeriopublico.gob.pa\/instituto\/wp-json\/wp\/v2\/types\/page"}],"author":[{"embeddable":true,"href":"https:\/\/ministeriopublico.gob.pa\/instituto\/wp-json\/wp\/v2\/users\/1"}],"replies":[{"embeddable":true,"href":"https:\/\/ministeriopublico.gob.pa\/instituto\/wp-json\/wp\/v2\/comments?post=18855"}],"version-history":[{"count":33,"href":"https:\/\/ministeriopublico.gob.pa\/instituto\/wp-json\/wp\/v2\/pages\/18855\/revisions"}],"predecessor-version":[{"id":987500115,"href":"https:\/\/ministeriopublico.gob.pa\/instituto\/wp-json\/wp\/v2\/pages\/18855\/revisions\/987500115"}],"wp:attachment":[{"href":"https:\/\/ministeriopublico.gob.pa\/instituto\/wp-json\/wp\/v2\/media?parent=18855"}],"curies":[{"name":"wp","href":"https:\/\/api.w.org\/{rel}","templated":true}]}}