{"id":18024,"date":"2024-06-05T20:15:01","date_gmt":"2024-06-05T18:15:01","guid":{"rendered":"https:\/\/ministeriopublico.gob.pa\/instituto\/?page_id=18024"},"modified":"2025-03-31T14:12:46","modified_gmt":"2025-03-31T19:12:46","slug":"contactenos","status":"publish","type":"page","link":"https:\/\/ministeriopublico.gob.pa\/instituto\/contactenos\/","title":{"rendered":"Cont\u00e1ctenos"},"content":{"rendered":"<p>[et_pb_section fb_built=\u00bb1&#8243; next_background_color=\u00bb#f4f4f4&#8243; admin_label=\u00bbHero\u00bb _builder_version=\u00bb4.25.1&#8243; _module_preset=\u00bb74c69059-8e69-4122-b1e6-dfeabf6c5711&#8243; use_background_color_gradient=\u00bbon\u00bb background_color_gradient_stops=\u00bbrgba(0,0,0,0.6) 77%|rgba(0,0,0,0.9) 100%\u00bb background_color_gradient_overlays_image=\u00bbon\u00bb background_color_gradient_start=\u00bbrgba(0,0,0,0.5)\u00bb background_color_gradient_end=\u00bbrgba(0,0,0,0.75)\u00bb background_image=\u00bbhttps:\/\/ministeriopublico.gob.pa\/instituto\/wp-content\/uploads\/2024\/06\/Procuraduria_General_de_la_Nacion_Panama.jpg\u00bb parallax=\u00bbon\u00bb custom_margin=\u00bb-72px||-12px|||\u00bb custom_padding=\u00bb8vw||12vw||false|false\u00bb bottom_divider_style=\u00bbarrow3&#8243; bottom_divider_height=\u00bb4vw\u00bb bottom_divider_flip=\u00bbhorizontal\u00bb da_disable_devices=\u00bboff|off|off\u00bb locked=\u00bboff\u00bb collapsed=\u00bbon\u00bb global_colors_info=\u00bb{}\u00bb da_is_popup=\u00bboff\u00bb da_exit_intent=\u00bboff\u00bb da_has_close=\u00bbon\u00bb da_alt_close=\u00bboff\u00bb da_dark_close=\u00bboff\u00bb da_not_modal=\u00bbon\u00bb da_is_singular=\u00bboff\u00bb da_with_loader=\u00bboff\u00bb da_has_shadow=\u00bbon\u00bb][et_pb_row _builder_version=\u00bb4.18.0&#8243; _module_preset=\u00bb5138c454-be54-4233-bd3b-f8e6a8747976&#8243; custom_margin=\u00bb-65px|auto||auto||\u00bb locked=\u00bboff\u00bb global_colors_info=\u00bb{}\u00bb][et_pb_column type=\u00bb4_4&#8243; _builder_version=\u00bb4.16&#8243; _module_preset=\u00bb73121f80-a3ef-4484-8763-c3f18e3c56d2&#8243; global_colors_info=\u00bb{}\u00bb][et_pb_heading title=\u00bbCon\u00e9ctate con Nosotros\u00bb _builder_version=\u00bb4.25.2&#8243; _module_preset=\u00bbf0c675ea-2574-4d0e-b725-30f8550a8550&#8243; title_level=\u00bbh4&#8243; title_font=\u00bbProza Libre|Cormorant Garamond_weight||on|||||\u00bb title_text_color=\u00bb#FFFFFF\u00bb title_font_size=\u00bb19px\u00bb title_letter_spacing=\u00bb1px\u00bb title_line_height=\u00bb1.4em\u00bb min_height=\u00bb16.2px\u00bb custom_margin=\u00bb||10px||false|false\u00bb custom_margin_tablet=\u00bb||10px||false|false\u00bb custom_margin_phone=\u00bb52px||10px||false|false\u00bb custom_margin_last_edited=\u00bbon|phone\u00bb custom_padding_tablet=\u00bb\u00bb custom_padding_phone=\u00bb3px||||false|false\u00bb custom_padding_last_edited=\u00bbon|phone\u00bb title_font_size_tablet=\u00bb13px\u00bb title_font_size_phone=\u00bb13px\u00bb title_font_size_last_edited=\u00bbon|phone\u00bb title_line_height_tablet=\u00bb1.4em\u00bb title_line_height_phone=\u00bb2.3em\u00bb title_line_height_last_edited=\u00bbon|phone\u00bb locked=\u00bboff\u00bb global_colors_info=\u00bb{}\u00bb][\/et_pb_heading][et_pb_heading title=\u00bbInstituto Superior                              Dra. Clara Gonz\u00e1lez de Behringer\u00bb _builder_version=\u00bb4.24.2&#8243; _module_preset=\u00bbddeb8c09-9078-4424-bc15-2efb6572e28e\u00bb title_font=\u00bbCormorant Garamond|Cormorant Garamond_weight|||||||\u00bb title_text_color=\u00bb#FFFFFF\u00bb title_font_size=\u00bb72px\u00bb title_line_height=\u00bb1.15em\u00bb custom_margin=\u00bb33px|||||\u00bb custom_padding=\u00bb|0px||||\u00bb title_font_size_tablet=\u00bb40px\u00bb title_font_size_phone=\u00bb24px\u00bb title_font_size_last_edited=\u00bbon|phone\u00bb locked=\u00bboff\u00bb global_colors_info=\u00bb{}\u00bb][\/et_pb_heading][\/et_pb_column][\/et_pb_row][\/et_pb_section][et_pb_section fb_built=\u00bb1&#8243; admin_label=\u00bbContact\u00bb _builder_version=\u00bb4.25.1&#8243; _module_preset=\u00bbdefault\u00bb background_color=\u00bb#f4f4f4&#8243; custom_padding=\u00bb11px|||||\u00bb da_disable_devices=\u00bboff|off|off\u00bb locked=\u00bboff\u00bb collapsed=\u00bbon\u00bb global_colors_info=\u00bb{}\u00bb da_is_popup=\u00bboff\u00bb da_exit_intent=\u00bboff\u00bb da_has_close=\u00bbon\u00bb da_alt_close=\u00bboff\u00bb da_dark_close=\u00bboff\u00bb da_not_modal=\u00bbon\u00bb da_is_singular=\u00bboff\u00bb da_with_loader=\u00bboff\u00bb da_has_shadow=\u00bbon\u00bb][et_pb_row _builder_version=\u00bb4.18.0&#8243; _module_preset=\u00bb5138c454-be54-4233-bd3b-f8e6a8747976&#8243; max_width=\u00bb800px\u00bb locked=\u00bboff\u00bb global_colors_info=\u00bb{}\u00bb][et_pb_column type=\u00bb4_4&#8243; _builder_version=\u00bb4.16&#8243; _module_preset=\u00bb73121f80-a3ef-4484-8763-c3f18e3c56d2&#8243; global_colors_info=\u00bb{}\u00bb][et_pb_heading title=\u00bbInformaci\u00f3n de Contacto\u00bb _builder_version=\u00bb4.25.2&#8243; _module_preset=\u00bbddeb8c09-9078-4424-bc15-2efb6572e28e\u00bb title_font=\u00bb|700|||||||\u00bb title_text_align=\u00bbcenter\u00bb title_text_color=\u00bb#003b56&#8243; title_font_size=\u00bb50px\u00bb title_line_height=\u00bb1.15em\u00bb title_font_size_tablet=\u00bb40px\u00bb title_font_size_phone=\u00bb24px\u00bb title_font_size_last_edited=\u00bbon|phone\u00bb locked=\u00bboff\u00bb global_colors_info=\u00bb{}\u00bb][\/et_pb_heading][et_pb_text quote_border_color=\u00bb#d90429&#8243; _builder_version=\u00bb4.25.2&#8243; _module_preset=\u00bb2c55a9c4-feed-423b-9edb-ae0b5b365cac\u00bb text_font=\u00bbProza Libre|700|||||||\u00bb text_text_color=\u00bb#000000&#8243; text_line_height=\u00bb1.75em\u00bb link_font=\u00bb|Proza Libre_weight|||||||\u00bb link_text_color=\u00bb#2b2d42&#8243; quote_font=\u00bbCormorant Garamond|Cormorant Garamond_weight|||||||\u00bb quote_text_color=\u00bb#0e0c19&#8243; header_font=\u00bbCormorant Garamond|Cormorant Garamond_weight|||||||\u00bb header_text_color=\u00bb#0e0c19&#8243; header_font_size=\u00bb72px\u00bb header_line_height=\u00bb1.15em\u00bb header_2_font=\u00bbCormorant Garamond|Cormorant Garamond_weight|||||||\u00bb header_2_text_color=\u00bb#0e0c19&#8243; header_2_font_size=\u00bb50px\u00bb header_2_line_height=\u00bb1.2em\u00bb header_3_font=\u00bbCormorant Garamond|Cormorant Garamond_weight|||||||\u00bb header_3_text_color=\u00bb#0e0c19&#8243; header_3_font_size=\u00bb32px\u00bb header_3_line_height=\u00bb1.3em\u00bb header_4_font=\u00bbCormorant Garamond|Cormorant Garamond_weight|||||||\u00bb header_4_text_color=\u00bb#0e0c19&#8243; header_4_font_size=\u00bb24px\u00bb header_4_line_height=\u00bb1.4em\u00bb header_5_font=\u00bbCormorant Garamond|Cormorant Garamond_weight|||||||\u00bb header_5_text_color=\u00bb#0e0c19&#8243; header_5_font_size=\u00bb18px\u00bb header_5_line_height=\u00bb1.4em\u00bb header_6_font=\u00bbCormorant Garamond|Cormorant Garamond_weight|||||||\u00bb header_6_text_color=\u00bb#0e0c19&#8243; header_6_line_height=\u00bb1.5em\u00bb text_orientation=\u00bbcenter\u00bb module_alignment=\u00bbcenter\u00bb custom_margin=\u00bb||||false|false\u00bb text_font_size_tablet=\u00bb15px\u00bb text_font_size_phone=\u00bb14px\u00bb text_font_size_last_edited=\u00bbon|phone\u00bb header_font_size_tablet=\u00bb40px\u00bb header_font_size_phone=\u00bb24px\u00bb header_font_size_last_edited=\u00bbon|desktop\u00bb header_2_font_size_tablet=\u00bb28px\u00bb header_2_font_size_phone=\u00bb20px\u00bb header_2_font_size_last_edited=\u00bbon|phone\u00bb header_3_font_size_tablet=\u00bb22px\u00bb header_3_font_size_phone=\u00bb17px\u00bb header_3_font_size_last_edited=\u00bbon|phone\u00bb header_4_font_size_tablet=\u00bb18px\u00bb header_4_font_size_phone=\u00bb15px\u00bb header_4_font_size_last_edited=\u00bbon|tablet\u00bb header_5_font_size_tablet=\u00bb15px\u00bb header_5_font_size_phone=\u00bb14px\u00bb header_5_font_size_last_edited=\u00bbon|desktop\u00bb header_6_font_size_tablet=\u00bb13px\u00bb header_6_font_size_phone=\u00bb13px\u00bb header_6_font_size_last_edited=\u00bbon|desktop\u00bb locked=\u00bboff\u00bb global_colors_info=\u00bb{}\u00bb]<\/p>\n<p>Estamos aqu\u00ed para ayudarte. Encuentra nuestra informaci\u00f3n de contacto a continuaci\u00f3n.<\/p>\n<p>[\/et_pb_text][\/et_pb_column][\/et_pb_row][et_pb_row column_structure=\u00bb1_3,1_3,1_3&#8243; _builder_version=\u00bb4.25.1&#8243; _module_preset=\u00bbdefault\u00bb global_colors_info=\u00bb{}\u00bb][et_pb_column type=\u00bb1_3&#8243; _builder_version=\u00bb4.25.1&#8243; _module_preset=\u00bbdefault\u00bb global_colors_info=\u00bb{}\u00bb][et_pb_image src=\u00bbhttps:\/\/ministeriopublico.gob.pa\/instituto\/wp-content\/uploads\/2024\/06\/ubicacion.png\u00bb title_text=\u00bbubicacion\u00bb _builder_version=\u00bb4.25.1&#8243; _module_preset=\u00bbdefault\u00bb width=\u00bb21%\u00bb width_tablet=\u00bb21%\u00bb width_phone=\u00bb23%\u00bb width_last_edited=\u00bbon|phone\u00bb module_alignment=\u00bbcenter\u00bb global_colors_info=\u00bb{}\u00bb][\/et_pb_image][et_pb_text _builder_version=\u00bb4.25.2&#8243; _module_preset=\u00bbdefault\u00bb text_text_color=\u00bb#000000&#8243; text_font_size=\u00bb17px\u00bb module_alignment=\u00bbcenter\u00bb custom_margin=\u00bb-18px|||22px||\u00bb custom_padding=\u00bb0px|0px||||\u00bb global_colors_info=\u00bb{}\u00bb]<\/p>\n<p style=\"text-align: center;\"><strong>Direcci\u00f3n:<\/strong><\/p>\n<p style=\"text-align: center;\">Edificio Ecuador, Calle Bas\u00edlica 33.<\/p>\n<p>[\/et_pb_text][\/et_pb_column][et_pb_column type=\u00bb1_3&#8243; _builder_version=\u00bb4.25.1&#8243; _module_preset=\u00bbdefault\u00bb global_colors_info=\u00bb{}\u00bb][et_pb_image src=\u00bbhttps:\/\/ministeriopublico.gob.pa\/instituto\/wp-content\/uploads\/2024\/09\/usuario-1-1.png\u00bb title_text=\u00bbusuario (1)\u00bb _builder_version=\u00bb4.25.2&#8243; _module_preset=\u00bbdefault\u00bb width=\u00bb21%\u00bb width_tablet=\u00bb21%\u00bb width_phone=\u00bb23%\u00bb width_last_edited=\u00bbon|phone\u00bb module_alignment=\u00bbcenter\u00bb global_colors_info=\u00bb{}\u00bb][\/et_pb_image][et_pb_text _builder_version=\u00bb4.25.2&#8243; _module_preset=\u00bbdefault\u00bb text_text_color=\u00bb#000000&#8243; width=\u00bb90.9%\u00bb module_alignment=\u00bbcenter\u00bb custom_margin=\u00bb-25px|-23px||||\u00bb global_colors_info=\u00bb{}\u00bb]<\/p>\n<p style=\"text-align: center;\"><strong>Horario de Atenci\u00f3n:<\/strong><\/p>\n<p style=\"text-align: center;\">Lunes a Viernes 8:00 a.m a 12:00 m.d &#8211; 2:00 p.m a 5:00 p.m<\/p>\n<p>[\/et_pb_text][\/et_pb_column][et_pb_column type=\u00bb1_3&#8243; _builder_version=\u00bb4.25.1&#8243; _module_preset=\u00bbdefault\u00bb global_colors_info=\u00bb{}\u00bb][et_pb_image src=\u00bbhttps:\/\/ministeriopublico.gob.pa\/instituto\/wp-content\/uploads\/2024\/09\/servicio-al-cliente.png\u00bb title_text=\u00bbservicio-al-cliente\u00bb _builder_version=\u00bb4.25.2&#8243; _module_preset=\u00bbdefault\u00bb width=\u00bb21%\u00bb width_tablet=\u00bb21%\u00bb width_phone=\u00bb23%\u00bb width_last_edited=\u00bbon|phone\u00bb module_alignment=\u00bbcenter\u00bb global_colors_info=\u00bb{}\u00bb][\/et_pb_image][et_pb_text _builder_version=\u00bb4.25.2&#8243; _module_preset=\u00bbdefault\u00bb text_text_color=\u00bb#000000&#8243; width=\u00bb90.9%\u00bb module_alignment=\u00bbcenter\u00bb custom_margin=\u00bb-25px|-23px||||\u00bb global_colors_info=\u00bb{}\u00bb]<\/p>\n<p style=\"text-align: center;\"><strong>Telefonos:<\/strong><\/p>\n<p style=\"text-align: center;\">524-3136 \/ 524-3137<\/p>\n<p>[\/et_pb_text][et_pb_text _builder_version=\u00bb4.25.1&#8243; _module_preset=\u00bbdefault\u00bb global_colors_info=\u00bb{}\u00bb][\/et_pb_text][\/et_pb_column][\/et_pb_row][\/et_pb_section][et_pb_section fb_built=\u00bb1&#8243; _builder_version=\u00bb4.25.1&#8243; _module_preset=\u00bbdefault\u00bb da_disable_devices=\u00bboff|off|off\u00bb global_colors_info=\u00bb{}\u00bb da_is_popup=\u00bboff\u00bb da_exit_intent=\u00bboff\u00bb da_has_close=\u00bbon\u00bb da_alt_close=\u00bboff\u00bb da_dark_close=\u00bboff\u00bb da_not_modal=\u00bbon\u00bb da_is_singular=\u00bboff\u00bb da_with_loader=\u00bboff\u00bb da_has_shadow=\u00bbon\u00bb][et_pb_row column_structure=\u00bb1_2,1_2&#8243; _builder_version=\u00bb4.18.0&#8243; _module_preset=\u00bb5138c454-be54-4233-bd3b-f8e6a8747976&#8243; custom_margin=\u00bb-5px|auto||auto||\u00bb global_colors_info=\u00bb{}\u00bb][et_pb_column type=\u00bb1_2&#8243; _builder_version=\u00bb4.16&#8243; _module_preset=\u00bb73121f80-a3ef-4484-8763-c3f18e3c56d2&#8243; global_colors_info=\u00bb{}\u00bb][et_pb_heading title=\u00bb Contacto del Personal\u00bb _builder_version=\u00bb4.25.2&#8243; _module_preset=\u00bbddeb8c09-9078-4424-bc15-2efb6572e28e\u00bb title_font=\u00bb|700|||||||\u00bb title_text_align=\u00bbcenter\u00bb title_text_color=\u00bb#003b56&#8243; title_font_size=\u00bb43px\u00bb title_line_height=\u00bb1.15em\u00bb custom_margin=\u00bb|||-27px||\u00bb title_font_size_tablet=\u00bb40px\u00bb title_font_size_phone=\u00bb24px\u00bb title_font_size_last_edited=\u00bbon|phone\u00bb locked=\u00bboff\u00bb global_colors_info=\u00bb{}\u00bb][\/et_pb_heading][et_pb_text _builder_version=\u00bb4.27.4&#8243; _module_preset=\u00bbdefault\u00bb text_text_color=\u00bb#000000&#8243; text_font_size=\u00bb18px\u00bb global_colors_info=\u00bb{}\u00bb]<\/p>\n<div class=\"row\">\n<p><strong>Haydee Otero<\/strong><br \/>Correo electr\u00f3nico:\u00a0\u00a0<a href=\"mailto:haydee.otero@procuraduria.gob.pa\">haydee.otero@procuraduria.gob.pa<\/a><\/p>\n<div class=\"col-md-6\">\n<hr \/>\n<\/div>\n<div class=\"col-md-6\"><strong>Ana Mart\u00ednez<\/strong><br \/>Correo electr\u00f3nico: <a href=\"mailto:ana.martinez@procuraduria.gob.pa\">ana.martinez@procuraduria.gob.pa<\/a><\/div>\n<hr \/>\n<p><strong><\/strong><\/p>\n<p><strong>Juan Carlos Yeep<\/strong><br \/>Correo electr\u00f3nico:\u00a0<a href=\"mailto:juan.yeep@procuraduria.gob.pa\">juan.yeep@procuraduria.gob.pa<\/a><\/p>\n<div class=\"col-md-6\">\n<hr \/>\n<\/div>\n<p><strong>Aleida Aguirre<\/strong><br \/>Correo electr\u00f3nico:\u00a0<a href=\"mailto:aleida.aguirre@procuraduria.gob.pa\">aleida.aguirre@procuraduria.gob.pa<\/a><\/p>\n<hr \/>\n<\/div>\n<div><\/div>\n<p>[\/et_pb_text][et_pb_text _builder_version=\u00bb4.25.1&#8243; _module_preset=\u00bbdefault\u00bb global_colors_info=\u00bb{}\u00bb][\/et_pb_text][\/et_pb_column][et_pb_column type=\u00bb1_2&#8243; _builder_version=\u00bb4.16&#8243; _module_preset=\u00bb73121f80-a3ef-4484-8763-c3f18e3c56d2&#8243; global_colors_info=\u00bb{}\u00bb][et_pb_heading title=\u00bb Ubicaci\u00f3n Geogr\u00e1fica \u00bb _builder_version=\u00bb4.25.2&#8243; _module_preset=\u00bbddeb8c09-9078-4424-bc15-2efb6572e28e\u00bb title_font=\u00bb|700|||||||\u00bb title_text_align=\u00bbcenter\u00bb title_text_color=\u00bb#003b56&#8243; title_font_size=\u00bb43px\u00bb title_line_height=\u00bb1.15em\u00bb custom_margin=\u00bb|||-27px||\u00bb title_font_size_tablet=\u00bb40px\u00bb title_font_size_phone=\u00bb24px\u00bb title_font_size_last_edited=\u00bbon|phone\u00bb locked=\u00bboff\u00bb global_colors_info=\u00bb{}\u00bb][\/et_pb_heading][et_pb_text _builder_version=\u00bb4.25.1&#8243; _module_preset=\u00bbdefault\u00bb global_colors_info=\u00bb{}\u00bb]<\/p>\n<p><iframe loading=\"lazy\" style=\"border: 0;\" src=\"https:\/\/www.google.com\/maps\/embed?pb=!1m14!1m8!1m3!1d15764.069255300965!2d-79.5372209!3d8.9705511!3m2!1i1024!2i768!4f13.1!3m3!1m2!1s0x0%3A0xd479fbcfa196c703!2sMinisterio%20P%C3%BAblico%20de%20Panam%C3%A1%20-%20Edificio%20Ecuador!5e0!3m2!1ses-419!2spa!4v1654804125609!5m2!1ses-419!2spa\" width=\"100%\" height=\"350\" allowfullscreen=\"allowfullscreen\"><\/iframe><\/p>\n<div class=\"row\">\n<div class=\"col-md-12\">[\/et_pb_text][et_pb_text _builder_version=\u00bb4.25.1&#8243; _module_preset=\u00bbdefault\u00bb global_colors_info=\u00bb{}\u00bb][\/et_pb_text][\/et_pb_column][\/et_pb_row][\/et_pb_section]<\/p>\n","protected":false},"excerpt":{"rendered":"<p>Estamos aqu\u00ed para ayudarte. Encuentra nuestra informaci\u00f3n de contacto a continuaci\u00f3n.Direcci\u00f3n: Edificio Ecuador, Calle Bas\u00edlica 33.Horario de Atenci\u00f3n: Lunes a Viernes 8:00 a.m a 12:00 m.d &#8211; 2:00 p.m a 5:00 p.mTelefonos: 524-3136 \/ 524-3137 Haydee OteroCorreo electr\u00f3nico:\u00a0\u00a0haydee.otero@procuraduria.gob.pa Ana Mart\u00ednezCorreo electr\u00f3nico: ana.martinez@procuraduria.gob.pa Juan Carlos YeepCorreo electr\u00f3nico:\u00a0juan.yeep@procuraduria.gob.pa Aleida AguirreCorreo electr\u00f3nico:\u00a0aleida.aguirre@procuraduria.gob.pa<\/p>\n","protected":false},"author":1,"featured_media":0,"parent":0,"menu_order":0,"comment_status":"closed","ping_status":"closed","template":"","meta":{"_acf_changed":false,"_et_pb_use_builder":"on","_et_pb_old_content":"","_et_gb_content_width":"","footnotes":""},"class_list":["post-18024","page","type-page","status-publish","hentry"],"acf":[],"_links":{"self":[{"href":"https:\/\/ministeriopublico.gob.pa\/instituto\/wp-json\/wp\/v2\/pages\/18024","targetHints":{"allow":["GET"]}}],"collection":[{"href":"https:\/\/ministeriopublico.gob.pa\/instituto\/wp-json\/wp\/v2\/pages"}],"about":[{"href":"https:\/\/ministeriopublico.gob.pa\/instituto\/wp-json\/wp\/v2\/types\/page"}],"author":[{"embeddable":true,"href":"https:\/\/ministeriopublico.gob.pa\/instituto\/wp-json\/wp\/v2\/users\/1"}],"replies":[{"embeddable":true,"href":"https:\/\/ministeriopublico.gob.pa\/instituto\/wp-json\/wp\/v2\/comments?post=18024"}],"version-history":[{"count":42,"href":"https:\/\/ministeriopublico.gob.pa\/instituto\/wp-json\/wp\/v2\/pages\/18024\/revisions"}],"predecessor-version":[{"id":987500152,"href":"https:\/\/ministeriopublico.gob.pa\/instituto\/wp-json\/wp\/v2\/pages\/18024\/revisions\/987500152"}],"wp:attachment":[{"href":"https:\/\/ministeriopublico.gob.pa\/instituto\/wp-json\/wp\/v2\/media?parent=18024"}],"curies":[{"name":"wp","href":"https:\/\/api.w.org\/{rel}","templated":true}]}}